{"id":17,"date":"2021-12-06T09:43:43","date_gmt":"2021-12-06T08:43:43","guid":{"rendered":"https:\/\/roger-gogniat-ag.ch\/?page_id=17"},"modified":"2023-12-31T20:49:10","modified_gmt":"2023-12-31T19:49:10","slug":"unternehmen","status":"publish","type":"page","link":"https:\/\/roger-gogniat-ag.ch\/index.php\/unternehmen\/","title":{"rendered":"Unternehmen"},"content":{"rendered":"\n<div style=\"height:80px\" aria-hidden=\"true\" class=\"wp-block-spacer\"><\/div>\n\n\n\n<h4 class=\"wp-block-heading has-text-align-center has-neve-link-color-color has-text-color\"><strong>Die Familien-Aktiengesellschaft \u2013 klein, flexibel, zuverl\u00e4ssig<\/strong><\/h4>\n\n\n\n<div style=\"height:50px\" aria-hidden=\"true\" class=\"wp-block-spacer\"><\/div>\n\n\n\n<p class=\"has-text-align-center\"><strong>Gesellschaftsform<\/strong><br>Aktiengesellschaft, Familienbetrieb<br><br><strong>Gr\u00fcndungsjahr<\/strong><br>1986<br><br><strong>Personalbestand<\/strong><br>8 &#8211; 10<br><br><strong>Spezielle Erfahrungen<\/strong><br>Bearbeitung von Edelmetallen und rostfreien St\u00e4hlen.<br>Fertigung hochpr\u00e4ziser Teile und Baugruppen.<br>Konstruktive Beitr\u00e4ge bei Probleml\u00f6sungen im Bereich der Stanztechnik.<br>Erf\u00fcllung spezieller Kundenw\u00fcnsche.<\/p>\n\n\n\n<div style=\"height:50px\" aria-hidden=\"true\" class=\"wp-block-spacer\"><\/div>\n\n\n\n<p class=\"has-text-align-center has-neve-link-color-color has-text-color has-medium-font-size\"><strong>Gerade dank unserer \u00fcbersichtlichen Betriebsstruktur sind wir in der Lage, auf Ihre individuellen W\u00fcnsche einzugehen. Denn unsere St\u00e4rken liegen genau dort, wo kompetente Unterst\u00fctzung gefragt ist: Flexibilit\u00e4t, Belastbarkeit, Termintreue und h\u00f6chste Qualit\u00e4t.<\/strong><\/p>\n\n\n\n<div style=\"height:100px\" aria-hidden=\"true\" class=\"wp-block-spacer\"><\/div>\n","protected":false},"excerpt":{"rendered":"<p>Die Familien-Aktiengesellschaft \u2013 klein, flexibel, zuverl\u00e4ssig GesellschaftsformAktiengesellschaft, Familienbetrieb Gr\u00fcndungsjahr1986 Personalbestand8 &#8211; 10 Spezielle ErfahrungenBearbeitung von Edelmetallen und rostfreien St\u00e4hlen.Fertigung hochpr\u00e4ziser Teile und Baugruppen.Konstruktive Beitr\u00e4ge bei Probleml\u00f6sungen im Bereich der Stanztechnik.Erf\u00fcllung spezieller Kundenw\u00fcnsche. Gerade dank unserer \u00fcbersichtlichen Betriebsstruktur sind wir in der Lage, auf Ihre individuellen W\u00fcnsche einzugehen. Denn unsere St\u00e4rken liegen genau dort, wo kompetente&hellip;&nbsp;<a href=\"https:\/\/roger-gogniat-ag.ch\/index.php\/unternehmen\/\" rel=\"bookmark\">Weiterlesen &raquo;<span class=\"screen-reader-text\">Unternehmen<\/span><\/a><\/p>\n","protected":false},"author":2,"featured_media":0,"parent":0,"menu_order":0,"comment_status":"closed","ping_status":"closed","template":"","meta":{"inline_featured_image":false,"neve_meta_sidebar":"","neve_meta_container":"","neve_meta_enable_content_width":"","neve_meta_content_width":0,"neve_meta_title_alignment":"","neve_meta_author_avatar":"","neve_post_elements_order":"","neve_meta_disable_header":"","neve_meta_disable_footer":"","neve_meta_disable_title":"","footnotes":""},"class_list":["post-17","page","type-page","status-publish","hentry"],"_links":{"self":[{"href":"https:\/\/roger-gogniat-ag.ch\/index.php\/wp-json\/wp\/v2\/pages\/17","targetHints":{"allow":["GET"]}}],"collection":[{"href":"https:\/\/roger-gogniat-ag.ch\/index.php\/wp-json\/wp\/v2\/pages"}],"about":[{"href":"https:\/\/roger-gogniat-ag.ch\/index.php\/wp-json\/wp\/v2\/types\/page"}],"author":[{"embeddable":true,"href":"https:\/\/roger-gogniat-ag.ch\/index.php\/wp-json\/wp\/v2\/users\/2"}],"replies":[{"embeddable":true,"href":"https:\/\/roger-gogniat-ag.ch\/index.php\/wp-json\/wp\/v2\/comments?post=17"}],"version-history":[{"count":22,"href":"https:\/\/roger-gogniat-ag.ch\/index.php\/wp-json\/wp\/v2\/pages\/17\/revisions"}],"predecessor-version":[{"id":588,"href":"https:\/\/roger-gogniat-ag.ch\/index.php\/wp-json\/wp\/v2\/pages\/17\/revisions\/588"}],"wp:attachment":[{"href":"https:\/\/roger-gogniat-ag.ch\/index.php\/wp-json\/wp\/v2\/media?parent=17"}],"curies":[{"name":"wp","href":"https:\/\/api.w.org\/{rel}","templated":true}]}}