{"id":15,"date":"2021-12-06T09:41:17","date_gmt":"2021-12-06T08:41:17","guid":{"rendered":"https:\/\/roger-gogniat-ag.ch\/?page_id=15"},"modified":"2024-04-11T22:31:11","modified_gmt":"2024-04-11T21:31:11","slug":"branchen","status":"publish","type":"page","link":"https:\/\/roger-gogniat-ag.ch\/index.php\/branchen\/","title":{"rendered":"Branchen"},"content":{"rendered":"\n<div style=\"height:80px\" aria-hidden=\"true\" class=\"wp-block-spacer\"><\/div>\n\n\n\n<div class=\"wp-block-columns is-layout-flex wp-container-core-columns-is-layout-9d6595d7 wp-block-columns-is-layout-flex\">\n<div class=\"wp-block-column is-vertically-aligned-top is-layout-flow wp-block-column-is-layout-flow\">\n<h2 class=\"wp-block-heading has-text-align-center has-neve-link-color-color has-text-color\">Uhrenindustrie<\/h2>\n\n\n\n<p class=\"has-text-align-center\"><strong>Fertigung von hochpr\u00e4zisen Uhren-Komponenten sowie Baugruppen-Montage<\/strong><\/p>\n\n\n\n<p class=\"has-text-align-center\">Beispiele aus unserer Fertigung:<br>Zeigerstellr\u00e4der<br>Zahnr\u00e4der<br>Br\u00fccken<\/p>\n<\/div>\n\n\n\n<div class=\"wp-block-column is-vertically-aligned-top is-layout-flow wp-block-column-is-layout-flow\">\n<h2 class=\"wp-block-heading has-text-align-center has-neve-link-color-color has-text-color\">Luftfahrtindustrie<\/h2>\n\n\n\n<p class=\"has-text-align-center\"><strong>Stanzen und Weiterbearbeiten diverser Instrumenten-Komponenten<\/strong><\/p>\n\n\n\n<p class=\"has-text-align-center\">Beispiele aus unserer Fertigung:<br>H\u00f6henmesser-Scheiben<br>Anzeigenadeln<br>Zifferbl\u00e4tter<\/p>\n<\/div>\n<\/div>\n\n\n\n<div class=\"wp-block-columns is-layout-flex wp-container-core-columns-is-layout-9d6595d7 wp-block-columns-is-layout-flex\">\n<div class=\"wp-block-column is-vertically-aligned-top is-layout-flow wp-block-column-is-layout-flow\">\n<h2 class=\"wp-block-heading has-text-align-center has-neve-link-color-color has-text-color\">Medizinaltechnik<\/h2>\n\n\n\n<p class=\"has-text-align-center\"><strong>Herstellung von Komponenten aus sterilen Spezial-Materialien<\/strong><\/p>\n\n\n\n<p class=\"has-text-align-center\">Beispiele aus unserer Fertigung:<br>Besteck-Aufnahmen<br>Pinzettenaufs\u00e4tze<br>Waschpaletten<\/p>\n<\/div>\n\n\n\n<div class=\"wp-block-column is-vertically-aligned-top is-layout-flow wp-block-column-is-layout-flow\">\n<h2 class=\"wp-block-heading has-text-align-center has-neve-link-color-color has-text-color\">Automobilindustrie<\/h2>\n\n\n\n<p class=\"has-text-align-center\"><strong>Fertigung von Komponenten sowie Endmontage diverser Handelsprodukte<\/strong><\/p>\n\n\n\n<p class=\"has-text-align-center\">Beispiele aus unserer Fertigung:<br>Wechselplatten<br>Spezial-Zeiger<br>Flachfedern<\/p>\n<\/div>\n<\/div>\n\n\n\n<div class=\"wp-block-columns is-layout-flex wp-container-core-columns-is-layout-9d6595d7 wp-block-columns-is-layout-flex\">\n<div class=\"wp-block-column is-layout-flow wp-block-column-is-layout-flow\">\n<h2 class=\"wp-block-heading has-text-align-center has-neve-link-color-color has-text-color\">Elektrotechnik<\/h2>\n\n\n\n<p class=\"has-text-align-center\"><strong>Stanzen und Weiterverarbeiten verschiedener Schwachstrom-Komponenten<\/strong><\/p>\n\n\n\n<p class=\"has-text-align-center\">Beispiele aus unserer Fertigung:<br>Steckverbinder<br>Mikro-Kabelschuhe<br>Geh\u00e4use-Komponenten<\/p>\n<\/div>\n\n\n\n<div class=\"wp-block-column is-layout-flow wp-block-column-is-layout-flow\">\n<h2 class=\"wp-block-heading has-text-align-center has-neve-link-color-color has-text-color\">Diverse<\/h2>\n\n\n\n<p class=\"has-text-align-center\"><strong>Erf\u00fcllung spezieller Kundenw\u00fcnsche und Unterst\u00fctzung in der Entwicklungsphase<\/strong><\/p>\n\n\n\n<p class=\"has-text-align-center\">Beispiele aus unserer Fertigung:<br>Aufspann-Vorrichtungen<br>Flowdrill-Gewinde<br>Spezialplatinen<\/p>\n<\/div>\n<\/div>\n\n\n\n<div style=\"height:50px\" aria-hidden=\"true\" class=\"wp-block-spacer\"><\/div>\n","protected":false},"excerpt":{"rendered":"<p>Uhrenindustrie Fertigung von hochpr\u00e4zisen Uhren-Komponenten sowie Baugruppen-Montage Beispiele aus unserer Fertigung:Zeigerstellr\u00e4derZahnr\u00e4derBr\u00fccken Luftfahrtindustrie Stanzen und Weiterbearbeiten diverser Instrumenten-Komponenten Beispiele aus unserer Fertigung:H\u00f6henmesser-ScheibenAnzeigenadelnZifferbl\u00e4tter Medizinaltechnik Herstellung von Komponenten aus sterilen Spezial-Materialien Beispiele aus unserer Fertigung:Besteck-AufnahmenPinzettenaufs\u00e4tzeWaschpaletten Automobilindustrie Fertigung von Komponenten sowie Endmontage diverser Handelsprodukte Beispiele aus unserer Fertigung:WechselplattenSpezial-ZeigerFlachfedern Elektrotechnik Stanzen und Weiterverarbeiten verschiedener Schwachstrom-Komponenten Beispiele aus unserer Fertigung:SteckverbinderMikro-KabelschuheGeh\u00e4use-Komponenten Diverse&hellip;&nbsp;<a href=\"https:\/\/roger-gogniat-ag.ch\/index.php\/branchen\/\" rel=\"bookmark\">Weiterlesen &raquo;<span class=\"screen-reader-text\">Branchen<\/span><\/a><\/p>\n","protected":false},"author":2,"featured_media":0,"parent":0,"menu_order":0,"comment_status":"closed","ping_status":"closed","template":"","meta":{"inline_featured_image":false,"neve_meta_sidebar":"","neve_meta_container":"","neve_meta_enable_content_width":"","neve_meta_content_width":0,"neve_meta_title_alignment":"","neve_meta_author_avatar":"","neve_post_elements_order":"","neve_meta_disable_header":"","neve_meta_disable_footer":"","neve_meta_disable_title":"","footnotes":""},"class_list":["post-15","page","type-page","status-publish","hentry"],"_links":{"self":[{"href":"https:\/\/roger-gogniat-ag.ch\/index.php\/wp-json\/wp\/v2\/pages\/15","targetHints":{"allow":["GET"]}}],"collection":[{"href":"https:\/\/roger-gogniat-ag.ch\/index.php\/wp-json\/wp\/v2\/pages"}],"about":[{"href":"https:\/\/roger-gogniat-ag.ch\/index.php\/wp-json\/wp\/v2\/types\/page"}],"author":[{"embeddable":true,"href":"https:\/\/roger-gogniat-ag.ch\/index.php\/wp-json\/wp\/v2\/users\/2"}],"replies":[{"embeddable":true,"href":"https:\/\/roger-gogniat-ag.ch\/index.php\/wp-json\/wp\/v2\/comments?post=15"}],"version-history":[{"count":42,"href":"https:\/\/roger-gogniat-ag.ch\/index.php\/wp-json\/wp\/v2\/pages\/15\/revisions"}],"predecessor-version":[{"id":598,"href":"https:\/\/roger-gogniat-ag.ch\/index.php\/wp-json\/wp\/v2\/pages\/15\/revisions\/598"}],"wp:attachment":[{"href":"https:\/\/roger-gogniat-ag.ch\/index.php\/wp-json\/wp\/v2\/media?parent=15"}],"curies":[{"name":"wp","href":"https:\/\/api.w.org\/{rel}","templated":true}]}}