{"id":13,"date":"2021-12-06T09:39:31","date_gmt":"2021-12-06T08:39:31","guid":{"rendered":"https:\/\/roger-gogniat-ag.ch\/?page_id=13"},"modified":"2022-01-20T00:21:57","modified_gmt":"2022-01-19T23:21:57","slug":"kompetenzen","status":"publish","type":"page","link":"https:\/\/roger-gogniat-ag.ch\/index.php\/kompetenzen\/","title":{"rendered":"Kompetenzen"},"content":{"rendered":"\n<div style=\"height:80px\" aria-hidden=\"true\" class=\"wp-block-spacer\"><\/div>\n\n\n\n<h2 class=\"has-text-align-center has-neve-link-color-color has-text-color wp-block-heading\">Werkzeugbau<\/h2>\n\n\n\n<p class=\"has-text-align-center has-medium-font-size\">Die grosse Erfahrung f\u00fcr Probleml\u00f6sungen von der Idee bis zum fertigen Stanzteil:<\/p>\n\n\n\n<p class=\"has-text-align-center\"><strong>Stanzwerkzeuge<br>Biegewerkzeuge<br>Folgeschnittwerkzeuge<br>Feinschneidwerkzeuge<br>Repassierwerkzeuge<br>Montagewerkzeuge<br>Presswerkzeuge<br>Hilfswerkzeuge<\/strong><\/p>\n\n\n\n<div style=\"height:25px\" aria-hidden=\"true\" class=\"wp-block-spacer\"><\/div>\n\n\n\n<h2 class=\"has-text-align-center has-neve-link-color-color has-text-color wp-block-heading\">Stanzerei<\/h2>\n\n\n\n<p class=\"has-text-align-center has-medium-font-size\">Unser Know-how f\u00fcr anspruchsvolle und hochpr\u00e4zise Stanzteile kombiniert mit mechanischer Bearbeitung:<\/p>\n\n\n\n<p class=\"has-text-align-center\"><strong>Pr\u00e4zisionsteile f\u00fcr Uhrwerke und Flugzeuginstrumente<br>Stecker f\u00fcr elektronische Komponenten<br>Bestandteile f\u00fcr medizinische Ger\u00e4te<br>Kleinteile f\u00fcr die Automobilindustrie<br>Kontakte und Federn f\u00fcr Apparate<\/strong><\/p>\n\n\n\n<div style=\"height:25px\" aria-hidden=\"true\" class=\"wp-block-spacer\"><\/div>\n\n\n\n<h2 class=\"has-text-align-center has-neve-link-color-color has-text-color wp-block-heading\">Mechanik<\/h2>\n\n\n\n<p class=\"has-text-align-center has-medium-font-size\">Vom Stanzen \u00fcber die Bearbeitung bis zur Montage alles aus einer Hand &#8211; vereinfacht und verbilligt die Beschaffung:<\/p>\n\n\n\n<p class=\"has-text-align-center\"><strong>Bearbeitung auf unterschiedlichsten konventionellen sowie CNC-Maschinen<br>Gleitschleifen von Teilen auf anwendungsspezifischen Trowalisieranlagen<br>Biegearbeiten und Nacharbeiten nach spezifischem Kundenwunsch<br>Aufnahmepaletten f\u00fcr filigrane Fr\u00e4sarbeiten<br>Vorrichtungen und Lehren<br>Einzelteile sowie Serien<br>Prototypenbau<\/strong><\/p>\n\n\n\n<div style=\"height:25px\" aria-hidden=\"true\" class=\"wp-block-spacer\"><\/div>\n\n\n\n<p class=\"has-text-align-center\"><strong>\u2026und noch vieles mehr<\/strong><\/p>\n\n\n\n<div style=\"height:50px\" aria-hidden=\"true\" class=\"wp-block-spacer\"><\/div>\n\n\n\n<p><\/p>\n","protected":false},"excerpt":{"rendered":"<p>Werkzeugbau Die grosse Erfahrung f\u00fcr Probleml\u00f6sungen von der Idee bis zum fertigen Stanzteil: StanzwerkzeugeBiegewerkzeugeFolgeschnittwerkzeugeFeinschneidwerkzeugeRepassierwerkzeugeMontagewerkzeugePresswerkzeugeHilfswerkzeuge Stanzerei Unser Know-how f\u00fcr anspruchsvolle und hochpr\u00e4zise Stanzteile kombiniert mit mechanischer Bearbeitung: Pr\u00e4zisionsteile f\u00fcr Uhrwerke und FlugzeuginstrumenteStecker f\u00fcr elektronische KomponentenBestandteile f\u00fcr medizinische Ger\u00e4teKleinteile f\u00fcr die AutomobilindustrieKontakte und Federn f\u00fcr Apparate Mechanik Vom Stanzen \u00fcber die Bearbeitung bis zur Montage alles aus&hellip;&nbsp;<a href=\"https:\/\/roger-gogniat-ag.ch\/index.php\/kompetenzen\/\" rel=\"bookmark\">Weiterlesen &raquo;<span class=\"screen-reader-text\">Kompetenzen<\/span><\/a><\/p>\n","protected":false},"author":2,"featured_media":0,"parent":0,"menu_order":0,"comment_status":"closed","ping_status":"closed","template":"","meta":{"inline_featured_image":false,"neve_meta_sidebar":"","neve_meta_container":"","neve_meta_enable_content_width":"","neve_meta_content_width":0,"neve_meta_title_alignment":"","neve_meta_author_avatar":"","neve_post_elements_order":"","neve_meta_disable_header":"","neve_meta_disable_footer":"","neve_meta_disable_title":"","footnotes":""},"class_list":["post-13","page","type-page","status-publish","hentry"],"_links":{"self":[{"href":"https:\/\/roger-gogniat-ag.ch\/index.php\/wp-json\/wp\/v2\/pages\/13","targetHints":{"allow":["GET"]}}],"collection":[{"href":"https:\/\/roger-gogniat-ag.ch\/index.php\/wp-json\/wp\/v2\/pages"}],"about":[{"href":"https:\/\/roger-gogniat-ag.ch\/index.php\/wp-json\/wp\/v2\/types\/page"}],"author":[{"embeddable":true,"href":"https:\/\/roger-gogniat-ag.ch\/index.php\/wp-json\/wp\/v2\/users\/2"}],"replies":[{"embeddable":true,"href":"https:\/\/roger-gogniat-ag.ch\/index.php\/wp-json\/wp\/v2\/comments?post=13"}],"version-history":[{"count":27,"href":"https:\/\/roger-gogniat-ag.ch\/index.php\/wp-json\/wp\/v2\/pages\/13\/revisions"}],"predecessor-version":[{"id":506,"href":"https:\/\/roger-gogniat-ag.ch\/index.php\/wp-json\/wp\/v2\/pages\/13\/revisions\/506"}],"wp:attachment":[{"href":"https:\/\/roger-gogniat-ag.ch\/index.php\/wp-json\/wp\/v2\/media?parent=13"}],"curies":[{"name":"wp","href":"https:\/\/api.w.org\/{rel}","templated":true}]}}