{"id":11,"date":"2021-12-06T09:39:07","date_gmt":"2021-12-06T08:39:07","guid":{"rendered":"https:\/\/roger-gogniat-ag.ch\/?page_id=11"},"modified":"2025-05-04T17:03:03","modified_gmt":"2025-05-04T16:03:03","slug":"impressum","status":"publish","type":"page","link":"https:\/\/roger-gogniat-ag.ch\/index.php\/impressum\/","title":{"rendered":"Impressum"},"content":{"rendered":"\n<div style=\"height:80px\" aria-hidden=\"true\" class=\"wp-block-spacer\"><\/div>\n\n\n\n<h2 class=\"wp-block-heading has-text-align-center has-neve-link-color-color has-text-color\"><strong>Impressum<\/strong><\/h2>\n\n\n\n<div style=\"height:50px\" aria-hidden=\"true\" class=\"wp-block-spacer\"><\/div>\n\n\n\n<p class=\"has-text-align-center\">Dies ist die offizielle Webseite der Roger Gogniat AG.<\/p>\n\n\n\n<p class=\"has-text-align-center\">Roger Gogniat AG<br>Standweg 9<br>CH-2540 Grenchen<br>UID: CHE-106.485.085<\/p>\n\n\n\n<p class=\"has-text-align-center\">S\u00e4mtliche Inhalte dieser Webseite wurden nach bestem Wissen und Gewissen erstellt. Jegliche Haftung f\u00fcr Inhalte und verlinkte Inhalte wird abgelehnt. Alle Rechte vorbehalten. Die Gesch\u00e4ftsliegenschaft ist nicht alleiniges Eigentum der Aktiengesellschaft. Auf die Rechtsbeziehung zwischen der Roger Gogniat AG und der Kundschaft ist materielles Schweizer Recht unter Ausschluss von kollisionsrechtlichen Normen sowie insbesondere dem Wiener Kaufrecht anwendbar. Gerichtsstand f\u00fcr nat\u00fcrliche Personen sowie juristische Personen ist CH-2540 Grenchen. Die Roger Gogniat AG kann jedoch die Kundschaft auch an ihrem Wohnsitz respektive Sitz belangen. Weitergehende Informationen erfolgen auf Anfrage.<\/p>\n\n\n\n<div style=\"height:25px\" aria-hidden=\"true\" class=\"wp-block-spacer\"><\/div>\n\n\n\n<p class=\"has-text-align-center\"><strong>Wir danken Ihnen f\u00fcr Ihr Interesse an der Roger Gogniat AG.<\/strong><\/p>\n\n\n\n<p class=\"has-text-align-center\"><a href=\"https:\/\/www.rigofix.ch\">__________<\/a><\/p>\n\n\n\n<p class=\"has-text-align-center\"><a href=\"https:\/\/www.rigofix.com\">__________<\/a><\/p>\n\n\n\n<div style=\"height:50px\" aria-hidden=\"true\" class=\"wp-block-spacer\"><\/div>\n\n\n\n<p><\/p>\n","protected":false},"excerpt":{"rendered":"<p>Impressum Dies ist die offizielle Webseite der Roger Gogniat AG. Roger Gogniat AGStandweg 9CH-2540 GrenchenUID: CHE-106.485.085 S\u00e4mtliche Inhalte dieser Webseite wurden nach bestem Wissen und Gewissen erstellt. Jegliche Haftung f\u00fcr Inhalte und verlinkte Inhalte wird abgelehnt. Alle Rechte vorbehalten. Die Gesch\u00e4ftsliegenschaft ist nicht alleiniges Eigentum der Aktiengesellschaft. Auf die Rechtsbeziehung zwischen der Roger Gogniat AG&hellip;&nbsp;<a href=\"https:\/\/roger-gogniat-ag.ch\/index.php\/impressum\/\" rel=\"bookmark\">Weiterlesen &raquo;<span class=\"screen-reader-text\">Impressum<\/span><\/a><\/p>\n","protected":false},"author":2,"featured_media":0,"parent":0,"menu_order":0,"comment_status":"closed","ping_status":"closed","template":"","meta":{"inline_featured_image":false,"neve_meta_sidebar":"","neve_meta_container":"","neve_meta_enable_content_width":"","neve_meta_content_width":0,"neve_meta_title_alignment":"","neve_meta_author_avatar":"","neve_post_elements_order":"","neve_meta_disable_header":"","neve_meta_disable_footer":"","neve_meta_disable_title":"","footnotes":""},"class_list":["post-11","page","type-page","status-publish","hentry"],"_links":{"self":[{"href":"https:\/\/roger-gogniat-ag.ch\/index.php\/wp-json\/wp\/v2\/pages\/11","targetHints":{"allow":["GET"]}}],"collection":[{"href":"https:\/\/roger-gogniat-ag.ch\/index.php\/wp-json\/wp\/v2\/pages"}],"about":[{"href":"https:\/\/roger-gogniat-ag.ch\/index.php\/wp-json\/wp\/v2\/types\/page"}],"author":[{"embeddable":true,"href":"https:\/\/roger-gogniat-ag.ch\/index.php\/wp-json\/wp\/v2\/users\/2"}],"replies":[{"embeddable":true,"href":"https:\/\/roger-gogniat-ag.ch\/index.php\/wp-json\/wp\/v2\/comments?post=11"}],"version-history":[{"count":37,"href":"https:\/\/roger-gogniat-ag.ch\/index.php\/wp-json\/wp\/v2\/pages\/11\/revisions"}],"predecessor-version":[{"id":609,"href":"https:\/\/roger-gogniat-ag.ch\/index.php\/wp-json\/wp\/v2\/pages\/11\/revisions\/609"}],"wp:attachment":[{"href":"https:\/\/roger-gogniat-ag.ch\/index.php\/wp-json\/wp\/v2\/media?parent=11"}],"curies":[{"name":"wp","href":"https:\/\/api.w.org\/{rel}","templated":true}]}}